{"id":90,"date":"2021-08-24T20:49:54","date_gmt":"2021-08-24T18:49:54","guid":{"rendered":"http:\/\/fjallnascastle.se\/?page_id=90"},"modified":"2024-10-03T12:33:51","modified_gmt":"2024-10-03T10:33:51","slug":"accommodation","status":"publish","type":"page","link":"https:\/\/fjallnascastle.se\/en\/accommodation\/","title":{"rendered":"Accommodation"},"content":{"rendered":"<div class=\"gdlr-core-row-shortcode clearfix gdlr-core-item-rvpdlr\" ><div class=\"gdlr-core-column-shortcode gdlr-core-item-pdlr gdlr-core-column-30\" ><\/p>\n<h3>Longstay \u2013 the way you want it<\/h3>\n<p><strong>Longstay at the castle.<br \/>\n<\/strong>We at Hotell fj\u00e4lln\u00e4s castle, want to say that we are alone in offering a handsome and practical apartment accommodation at a thunderstorm foot that you can feel at home in with the nature of Norrland.<\/p>\n<p>But just because we opted out of chocolate on the pillow, we have of course not given up on the most important thing. Instead, we have chosen to focus on what makes you feel comfortable with us for a long time.<br \/>\nhere you live smart and comfortable at the same time. The apartments are available in sizes S, M, L, XL Suite depending on how many of you are going to live and how comfortable you want to live. And regardless of size, amenities are included. And a bit of our idea; Instead of paying for things you do not use, you can add the things you do not want to be without. In this way, everyone can live and thrive here in their own way.<\/p>\n<p>Each apartment has a well-equipped kitchen, living room individual bedroom with bathroom.<br \/>\nKitchen and living room (private or shared), free wi-fi and on the premises there are laundry facilities, gym, sauna, In addition there is access to parking, proximity to the thunderstorm ski resort, exercise track, forest and nature, center, restaurants, train and bus etc. In short, there is most and a little more here for you to be able to stay for a long time.<\/p>\n<h6><em>Welcome to a place where you can feel at home &#8211; Long.<\/em><\/h6>\n<p>\n<\/div><div class=\"gdlr-core-column-shortcode gdlr-core-item-pdlr gdlr-core-column-30\" ><\/p>\n<figure id=\"attachment_165\" aria-describedby=\"caption-attachment-165\" style=\"width: 400px\" class=\"wp-caption alignnone\"><img loading=\"lazy\" decoding=\"async\" class=\"wp-image-165 size-full\" src=\"https:\/\/fjallnascastle.se\/wp-content\/uploads\/2024\/10\/Fjallnas-castle.jpg\" alt=\"\" width=\"400\" height=\"300\" \/><figcaption id=\"caption-attachment-165\" class=\"wp-caption-text\">Apartment Suite Medium<\/figcaption><\/figure>\n<figure id=\"attachment_87\" aria-describedby=\"caption-attachment-87\" style=\"width: 400px\" class=\"wp-caption alignnone\"><img loading=\"lazy\" decoding=\"async\" class=\"wp-image-88 size-medium\" src=\"https:\/\/fjallnascastle.se\/wp-content\/uploads\/2024\/10\/Bo-pa-fjallnas-slott-i-Gallivare.jpg\" alt=\"\" width=\"400\" height=\"300\" \/><figcaption id=\"caption-attachment-87\" class=\"wp-caption-text\">Tower suite<\/figcaption><\/figure>\n<p>\n<\/div><\/div>\n","protected":false},"excerpt":{"rendered":"","protected":false},"author":2,"featured_media":0,"parent":0,"menu_order":0,"comment_status":"closed","ping_status":"closed","template":"","meta":{"footnotes":""},"class_list":["post-90","page","type-page","status-publish","hentry"],"yoast_head":"<!-- This site is optimized with the Yoast SEO plugin v25.6 - https:\/\/yoast.com\/wordpress\/plugins\/seo\/ -->\n<title>Accommodation - Hotel Fj\u00e4lln\u00e4s Castle<\/title>\n<meta name=\"robots\" content=\"index, follow, max-snippet:-1, max-image-preview:large, max-video-preview:-1\" \/>\n<link rel=\"canonical\" href=\"https:\/\/fjallnascastle.se\/boende\/\" \/>\n<meta property=\"og:locale\" content=\"en_US\" \/>\n<meta property=\"og:type\" content=\"article\" \/>\n<meta property=\"og:title\" content=\"Accommodation - Hotel Fj\u00e4lln\u00e4s Castle\" \/>\n<meta property=\"og:url\" content=\"https:\/\/fjallnascastle.se\/boende\/\" \/>\n<meta property=\"og:site_name\" content=\"Hotel Fj\u00e4lln\u00e4s Castle\" \/>\n<meta property=\"article:modified_time\" content=\"2024-10-03T10:33:51+00:00\" \/>\n<meta property=\"og:image\" content=\"https:\/\/fjallnascastle.se\/wp-content\/uploads\/2024\/10\/Fjallnas-castle.jpg\" \/>\n<meta name=\"twitter:card\" content=\"summary_large_image\" \/>\n<meta name=\"twitter:label1\" content=\"Est. reading time\" \/>\n\t<meta name=\"twitter:data1\" content=\"2 minutes\" \/>\n<script type=\"application\/ld+json\" class=\"yoast-schema-graph\">{\"@context\":\"https:\/\/schema.org\",\"@graph\":[{\"@type\":\"WebPage\",\"@id\":\"https:\/\/fjallnascastle.se\/boende\/\",\"url\":\"https:\/\/fjallnascastle.se\/boende\/\",\"name\":\"Accommodation - Hotel Fj\u00e4lln\u00e4s Castle\",\"isPartOf\":{\"@id\":\"https:\/\/fjallnascastle.se\/#website\"},\"primaryImageOfPage\":{\"@id\":\"https:\/\/fjallnascastle.se\/boende\/#primaryimage\"},\"image\":{\"@id\":\"https:\/\/fjallnascastle.se\/boende\/#primaryimage\"},\"thumbnailUrl\":\"https:\/\/fjallnascastle.se\/wp-content\/uploads\/2024\/10\/Fjallnas-castle.jpg\",\"datePublished\":\"2021-08-24T18:49:54+00:00\",\"dateModified\":\"2024-10-03T10:33:51+00:00\",\"breadcrumb\":{\"@id\":\"https:\/\/fjallnascastle.se\/boende\/#breadcrumb\"},\"inLanguage\":\"en-US\",\"potentialAction\":[{\"@type\":\"ReadAction\",\"target\":[\"https:\/\/fjallnascastle.se\/boende\/\"]}]},{\"@type\":\"ImageObject\",\"inLanguage\":\"en-US\",\"@id\":\"https:\/\/fjallnascastle.se\/boende\/#primaryimage\",\"url\":\"https:\/\/fjallnascastle.se\/wp-content\/uploads\/2024\/10\/Fjallnas-castle.jpg\",\"contentUrl\":\"https:\/\/fjallnascastle.se\/wp-content\/uploads\/2024\/10\/Fjallnas-castle.jpg\"},{\"@type\":\"BreadcrumbList\",\"@id\":\"https:\/\/fjallnascastle.se\/boende\/#breadcrumb\",\"itemListElement\":[{\"@type\":\"ListItem\",\"position\":1,\"name\":\"Hem\",\"item\":\"https:\/\/fjallnascastle.se\/en\/\"},{\"@type\":\"ListItem\",\"position\":2,\"name\":\"Accommodation\"}]},{\"@type\":\"WebSite\",\"@id\":\"https:\/\/fjallnascastle.se\/#website\",\"url\":\"https:\/\/fjallnascastle.se\/\",\"name\":\"Hotel Fj\u00e4lln\u00e4s Castle\",\"description\":\"L\u00e5ngtidsboende i G\u00e4llivare\",\"potentialAction\":[{\"@type\":\"SearchAction\",\"target\":{\"@type\":\"EntryPoint\",\"urlTemplate\":\"https:\/\/fjallnascastle.se\/?s={search_term_string}\"},\"query-input\":{\"@type\":\"PropertyValueSpecification\",\"valueRequired\":true,\"valueName\":\"search_term_string\"}}],\"inLanguage\":\"en-US\"}]}<\/script>\n<!-- \/ Yoast SEO plugin. -->","yoast_head_json":{"title":"Accommodation - Hotel Fj\u00e4lln\u00e4s Castle","robots":{"index":"index","follow":"follow","max-snippet":"max-snippet:-1","max-image-preview":"max-image-preview:large","max-video-preview":"max-video-preview:-1"},"canonical":"https:\/\/fjallnascastle.se\/boende\/","og_locale":"en_US","og_type":"article","og_title":"Accommodation - Hotel Fj\u00e4lln\u00e4s Castle","og_url":"https:\/\/fjallnascastle.se\/boende\/","og_site_name":"Hotel Fj\u00e4lln\u00e4s Castle","article_modified_time":"2024-10-03T10:33:51+00:00","og_image":[{"url":"https:\/\/fjallnascastle.se\/wp-content\/uploads\/2024\/10\/Fjallnas-castle.jpg","type":"","width":"","height":""}],"twitter_card":"summary_large_image","twitter_misc":{"Est. reading time":"2 minutes"},"schema":{"@context":"https:\/\/schema.org","@graph":[{"@type":"WebPage","@id":"https:\/\/fjallnascastle.se\/boende\/","url":"https:\/\/fjallnascastle.se\/boende\/","name":"Accommodation - Hotel Fj\u00e4lln\u00e4s Castle","isPartOf":{"@id":"https:\/\/fjallnascastle.se\/#website"},"primaryImageOfPage":{"@id":"https:\/\/fjallnascastle.se\/boende\/#primaryimage"},"image":{"@id":"https:\/\/fjallnascastle.se\/boende\/#primaryimage"},"thumbnailUrl":"https:\/\/fjallnascastle.se\/wp-content\/uploads\/2024\/10\/Fjallnas-castle.jpg","datePublished":"2021-08-24T18:49:54+00:00","dateModified":"2024-10-03T10:33:51+00:00","breadcrumb":{"@id":"https:\/\/fjallnascastle.se\/boende\/#breadcrumb"},"inLanguage":"en-US","potentialAction":[{"@type":"ReadAction","target":["https:\/\/fjallnascastle.se\/boende\/"]}]},{"@type":"ImageObject","inLanguage":"en-US","@id":"https:\/\/fjallnascastle.se\/boende\/#primaryimage","url":"https:\/\/fjallnascastle.se\/wp-content\/uploads\/2024\/10\/Fjallnas-castle.jpg","contentUrl":"https:\/\/fjallnascastle.se\/wp-content\/uploads\/2024\/10\/Fjallnas-castle.jpg"},{"@type":"BreadcrumbList","@id":"https:\/\/fjallnascastle.se\/boende\/#breadcrumb","itemListElement":[{"@type":"ListItem","position":1,"name":"Hem","item":"https:\/\/fjallnascastle.se\/en\/"},{"@type":"ListItem","position":2,"name":"Accommodation"}]},{"@type":"WebSite","@id":"https:\/\/fjallnascastle.se\/#website","url":"https:\/\/fjallnascastle.se\/","name":"Hotel Fj\u00e4lln\u00e4s Castle","description":"L\u00e5ngtidsboende i G\u00e4llivare","potentialAction":[{"@type":"SearchAction","target":{"@type":"EntryPoint","urlTemplate":"https:\/\/fjallnascastle.se\/?s={search_term_string}"},"query-input":{"@type":"PropertyValueSpecification","valueRequired":true,"valueName":"search_term_string"}}],"inLanguage":"en-US"}]}},"_links":{"self":[{"href":"https:\/\/fjallnascastle.se\/en\/wp-json\/wp\/v2\/pages\/90","targetHints":{"allow":["GET"]}}],"collection":[{"href":"https:\/\/fjallnascastle.se\/en\/wp-json\/wp\/v2\/pages"}],"about":[{"href":"https:\/\/fjallnascastle.se\/en\/wp-json\/wp\/v2\/types\/page"}],"author":[{"embeddable":true,"href":"https:\/\/fjallnascastle.se\/en\/wp-json\/wp\/v2\/users\/2"}],"replies":[{"embeddable":true,"href":"https:\/\/fjallnascastle.se\/en\/wp-json\/wp\/v2\/comments?post=90"}],"version-history":[{"count":6,"href":"https:\/\/fjallnascastle.se\/en\/wp-json\/wp\/v2\/pages\/90\/revisions"}],"predecessor-version":[{"id":447,"href":"https:\/\/fjallnascastle.se\/en\/wp-json\/wp\/v2\/pages\/90\/revisions\/447"}],"wp:attachment":[{"href":"https:\/\/fjallnascastle.se\/en\/wp-json\/wp\/v2\/media?parent=90"}],"curies":[{"name":"wp","href":"https:\/\/api.w.org\/{rel}","templated":true}]}}